{"id":182,"date":"2018-05-17T18:30:43","date_gmt":"2018-05-17T16:30:43","guid":{"rendered":"https:\/\/www.albarosique.com\/alba-rosique-psicoterapia-vic-psicologia-clinica-vic-osona\/"},"modified":"2021-10-25T11:29:27","modified_gmt":"2021-10-25T09:29:27","slug":"alba-rosique-psicoterapia-vic-psicologia-clinica-vic-osona","status":"publish","type":"page","link":"https:\/\/www.albarosique.com\/es\/","title":{"rendered":"Alba Rosique &#8211; Psicoterapia Vic &#8211; Psicolog\u00eda Cl\u00ednica Vic (Barcelona)"},"content":{"rendered":"<p>[vc_row][vc_column width=\u00bb1\/3&#8243;][vc_empty_space height=\u00bb20px\u00bb][vc_column_text]<\/p>\n<h2>Alba<br \/>\nRosique<\/h2>\n<p>[\/vc_column_text][\/vc_column][vc_column width=\u00bb1\/3&#8243;][vc_single_image image=\u00bb26&#8243; img_size=\u00bbfull\u00bb alignment=\u00bbcenter\u00bb onclick=\u00bbcustom_link\u00bb link=\u00bbhttps:\/\/www.albarosique.com\/\u00bb][\/vc_column][vc_column width=\u00bb1\/3&#8243;][vc_empty_space height=\u00bb20px\u00bb][vc_column_text]<\/p>\n<h2 class=\"p1\" style=\"text-align: right;\">Psic\u00f3loga cl\u00ednica<br \/>\nTerapeuta familiar<\/h2>\n<p>[\/vc_column_text][\/vc_column][\/vc_row][vc_row][vc_column][vc_empty_space height=\u00bb10px\u00bb][vc_separator color=\u00bbcustom\u00bb accent_color=\u00bb#4e4d4c\u00bb][vc_empty_space height=\u00bb150px\u00bb][\/vc_column][\/vc_row][vc_row][vc_column width=\u00bb1\/6&#8243;][\/vc_column][vc_column width=\u00bb2\/3&#8243;][vc_column_text]<\/p>\n<h1 style=\"text-align: center;\"><a href=\"https:\/\/www.albarosique.com\/es\/psicoterapeuta-vic-alba-rosique\/?lang=es\">Todos podemos necesitar ayuda en cualquier momento de nuestra vida.<\/a><\/h1>\n<p>[\/vc_column_text][\/vc_column][vc_column width=\u00bb1\/6&#8243;][\/vc_column][\/vc_row][vc_row][vc_column][vc_empty_space height=\u00bb150px\u00bb][vc_separator color=\u00bbcustom\u00bb accent_color=\u00bb#cec78e\u00bb][vc_empty_space height=\u00bb50px\u00bb][\/vc_column][\/vc_row][vc_row][vc_column width=\u00bb1\/2&#8243;][vc_column_text]<\/p>\n<h3 class=\"p1\"><a href=\"https:\/\/www.albarosique.com\/es\/psicologa-perinatal-vic-acompanyament-emocional-fill-alba-rosique\/\"><span style=\"color: #cec78e;\">Psicolog\u00eda perinatal<\/span><\/a><\/h3>\n<p>[\/vc_column_text][\/vc_column][vc_column width=\u00bb1\/2&#8243;][vc_column_text]<\/p>\n<h1 class=\"p1\"><span style=\"color: #cec78e;\"><a href=\"https:\/\/www.albarosique.com\/es\/psicologa-perinatal-vic-acompanyament-emocional-fill-alba-rosique\/?lang=es\"><span style=\"color: #cec78e;\">Acompa\u00f1amiento emocional durante el embarazo, el parto, el post parto y puerperio para poder mejorar el bienestar y salud de la mujer, el beb\u00e9 y la familia<\/span><\/a>.<\/span><\/h1>\n<p>[\/vc_column_text][\/vc_column][\/vc_row][vc_row][vc_column][vc_empty_space height=\u00bb50px\u00bb][vc_separator color=\u00bbcustom\u00bb accent_color=\u00bb#a4af8f\u00bb][vc_empty_space height=\u00bb50px\u00bb][\/vc_column][\/vc_row][vc_row][vc_column width=\u00bb1\/2&#8243;][vc_column_text]<\/p>\n<h1 class=\"p1\" style=\"text-align: right;\"><span style=\"color: #a4af8f;\"><a style=\"color: #a4af8f;\" href=\"https:\/\/www.albarosique.com\/es\/psicoterapia-individual-vic-alba-rosique\/\">Cada persona construye su realidad, su identidad y la relaci\u00f3n con el mundo seg\u00fan aquello que ha vivido y sentido<\/a>.<\/span><\/h1>\n<p>[\/vc_column_text][\/vc_column][vc_column width=\u00bb1\/2&#8243;][vc_column_text]<\/p>\n<h3 class=\"p1\" style=\"text-align: right;\"><a href=\"https:\/\/www.albarosique.com\/es\/psicoterapia-individual-vic-alba-rosique\/\"><span style=\"color: #a4af8f;\">Psicoterapia individual<\/span><\/a><\/h3>\n<p>[\/vc_column_text][\/vc_column][\/vc_row][vc_row][vc_column][vc_empty_space height=\u00bb50px\u00bb][vc_separator color=\u00bbcustom\u00bb accent_color=\u00bb#607870&#8243;][vc_empty_space height=\u00bb50px\u00bb][\/vc_column][\/vc_row][vc_row][vc_column width=\u00bb1\/2&#8243;][vc_column_text]<\/p>\n<h3 class=\"p1\"><a href=\"https:\/\/www.albarosique.com\/es\/terapia-de-parella-vic-alba-rosique\/\"><span style=\"color: #607870;\">Terapia de pareja<\/span><\/a><\/h3>\n<p>[\/vc_column_text][\/vc_column][vc_column width=\u00bb1\/2&#8243;][vc_column_text]<\/p>\n<h1 class=\"p1\"><span style=\"color: #607870;\"><a style=\"color: #607870;\" href=\"https:\/\/www.albarosique.com\/es\/terapia-de-parella-vic-alba-rosique\/?lang=es\">La pareja se construye con la persona con la que decidimos y queremos compartir nuestro bienestar, pero a veces, lo que queremos, lo que sentimos y lo que pensamos nos lleva a puntos muy diferentes<\/a>.<\/span><\/h1>\n<p>[\/vc_column_text][\/vc_column][\/vc_row][vc_row][vc_column][vc_empty_space height=\u00bb50px\u00bb][vc_separator color=\u00bbcustom\u00bb accent_color=\u00bb#af8773&#8243;][vc_empty_space height=\u00bb50px\u00bb][\/vc_column][\/vc_row][vc_row][vc_column width=\u00bb1\/2&#8243;][vc_column_text]<\/p>\n<h1 class=\"p1\" style=\"text-align: right;\"><span style=\"color: #af8773;\"><a style=\"color: #af8773;\" href=\"https:\/\/www.albarosique.com\/es\/terapia-de-familia-vic-alba-rosique\/?lang=es\">En terapia familiar sistemica trabajas con todos los miembros de la fam\u00edlia para que encuentren formas constructivas de ayudarse mutuamente y resuelvan problemas que inevitablemente comparten<\/a>.<\/span><\/h1>\n<p>[\/vc_column_text][\/vc_column][vc_column width=\u00bb1\/2&#8243;][vc_column_text]<\/p>\n<h3 class=\"p1\" style=\"text-align: right;\"><a href=\"https:\/\/www.albarosique.com\/es\/terapia-de-familia-vic-alba-rosique\/\"><span style=\"color: #af8773;\">Terapia de familia<\/span><\/a><\/h3>\n<p>[\/vc_column_text][\/vc_column][\/vc_row][vc_row disable_element=\u00bbyes\u00bb][vc_column][vc_empty_space height=\u00bb50px\u00bb][vc_separator color=\u00bbcustom\u00bb accent_color=\u00bb#edc773&#8243;][vc_empty_space height=\u00bb50px\u00bb][\/vc_column][\/vc_row][vc_row disable_element=\u00bbyes\u00bb][vc_column width=\u00bb1\/2&#8243;][vc_column_text]<\/p>\n<h3 class=\"p1\"><a href=\"https:\/\/www.albarosique.com\/es\/xerrades-i-tallers-alba-rosique\/\"><span style=\"color: #edc773;\">Charlas y Talleres<\/span><\/a><\/h3>\n<p>[\/vc_column_text][\/vc_column][vc_column width=\u00bb1\/2&#8243;][vc_column_text]<\/p>\n<h1 class=\"p1\"><span style=\"color: #edc773;\"><a style=\"color: #edc773;\" href=\"https:\/\/www.albarosique.com\/es\/xerrades-i-tallers-alba-rosique\/\">A veces, podemos encontrar peque\u00f1as ayudas donde menos lo esperamos<\/a>.<\/span><\/h1>\n<p>[\/vc_column_text][\/vc_column][\/vc_row][vc_row disable_element=\u00bbyes\u00bb][vc_column][vc_empty_space height=\u00bb50px\u00bb][vc_separator color=\u00bbcustom\u00bb accent_color=\u00bb#4e4d4c\u00bb][vc_empty_space height=\u00bb50px\u00bb][vc_column_text]<\/p>\n<h3 style=\"text-align: center;\"><a href=\"https:\/\/www.albarosique.com\/es\/blog-psicologia-alba-rosique\/\">Art\u00edculos<\/a><\/h3>\n<p>[\/vc_column_text][vc_empty_space height=\u00bb50px\u00bb][vc_basic_grid post_type=\u00bbpost\u00bb max_items=\u00bb4&#8243; element_width=\u00bb3&#8243; item=\u00bb55&#8243; grid_id=\u00bbvc_gid:1635153888574-2990f9c8-3a1f-0&#8243;][\/vc_column][\/vc_row][vc_row][vc_column][vc_empty_space height=\u00bb50px\u00bb][vc_separator color=\u00bbcustom\u00bb accent_color=\u00bb#edc773&#8243;][vc_empty_space height=\u00bb50px\u00bb][\/vc_column][\/vc_row][vc_row][vc_column width=\u00bb1\/2&#8243;][vc_column_text]<\/p>\n<h3 class=\"p1\"><a href=\"https:\/\/www.albarosique.com\/es\/dia-a-dia-alba-rosique\/\"><span style=\"color: #edc773;\">D\u00eda a d\u00eda<\/span><\/a><\/h3>\n<p>[\/vc_column_text][\/vc_column][vc_column width=\u00bb1\/2&#8243;][vc_column_text]<\/p>\n<h1 class=\"p1\"><span style=\"color: #edc773;\"><a style=\"color: #edc773;\" href=\"https:\/\/www.albarosique.com\/es\/dia-a-dia-alba-rosique\/\">Bienvenidas a un pedacito de mi d\u00eda a d\u00eda. Esta secci\u00f3n tiene como objetivo darte una visi\u00f3n m\u00e1s amplia de quien soy y que hago.<\/a><\/span><\/h1>\n<p>[\/vc_column_text][\/vc_column][\/vc_row][vc_row][vc_column][vc_empty_space height=\u00bb35px\u00bb][vc_column_text]        <div id=\"sbi_mod_error\" >\r\n            <span> Este mensaje de error solo es visible para los administradores de WordPress<\/span><br \/>\r\n            <p><b>Error: No hay cuenta conectada.<\/b>\r\n            <p>Por favor, ve a la p\u00e1gina de ajustes de Instagram Feed para conectar una cuenta.<\/p>\r\n        <\/div>\r\n\t\t[\/vc_column_text][\/vc_column][\/vc_row]<\/p>\n","protected":false},"excerpt":{"rendered":"<p>[vc_row][vc_column width=\u00bb1\/3&#8243;][vc_empty_space height=\u00bb20px\u00bb][vc_column_text] Alba Rosique [\/vc_column_text][\/vc_column][vc_column width=\u00bb1\/3&#8243;][vc_single_image image=\u00bb26&#8243; img_size=\u00bbfull\u00bb alignment=\u00bbcenter\u00bb onclick=\u00bbcustom_link\u00bb link=\u00bbhttps:\/\/www.albarosique.com\/\u00bb][\/vc_column][vc_column width=\u00bb1\/3&#8243;][vc_empty_space height=\u00bb20px\u00bb][vc_column_text] Psic\u00f3loga cl\u00ednica Terapeuta familiar [\/vc_column_text][\/vc_column][\/vc_row][vc_row][vc_column][vc_empty_space height=\u00bb10px\u00bb][vc_separator color=\u00bbcustom\u00bb accent_color=\u00bb#4e4d4c\u00bb][vc_empty_space height=\u00bb150px\u00bb][\/vc_column][\/vc_row][vc_row][vc_column width=\u00bb1\/6&#8243;][\/vc_column][vc_column width=\u00bb2\/3&#8243;][vc_column_text] Todos podemos necesitar ayuda en cualquier momento de nuestra vida. [\/vc_column_text][\/vc_column][vc_column width=\u00bb1\/6&#8243;][\/vc_column][\/vc_row][vc_row][vc_column][vc_empty_space height=\u00bb150px\u00bb][vc_separator color=\u00bbcustom\u00bb accent_color=\u00bb#cec78e\u00bb][vc_empty_space height=\u00bb50px\u00bb][\/vc_column][\/vc_row][vc_row][vc_column width=\u00bb1\/2&#8243;][vc_column_text] Psicolog\u00eda perinatal [\/vc_column_text][\/vc_column][vc_column width=\u00bb1\/2&#8243;][vc_column_text] Acompa\u00f1amiento emocional durante el embarazo, el parto, el post&hellip;<\/p>\n","protected":false},"author":1,"featured_media":0,"parent":0,"menu_order":0,"comment_status":"closed","ping_status":"open","template":"","meta":[],"yoast_head":"<!-- This site is optimized with the Yoast SEO plugin v17.4 - https:\/\/yoast.com\/wordpress\/plugins\/seo\/ -->\n<title>Alba Rosique - Psicoterapia Vic - Psicolog\u00eda Cl\u00ednica Vic (Barcelona)<\/title>\n<meta name=\"description\" content=\"Alba Rosique - Psicoterapia Vic - Psicolog\u00eda Cl\u00ednica Vic (Barcelona). Psicoterapeuta especialista en psicolog\u00eda perinatal y psicolog\u00eda cl\u00ednica en Vic (Barcelona).\" \/>\n<meta name=\"robots\" content=\"index, follow, max-snippet:-1, max-image-preview:large, max-video-preview:-1\" \/>\n<link rel=\"canonical\" href=\"https:\/\/www.albarosique.com\/es\/alba-rosique-psicoterapia-vic-psicologia-clinica-vic-osona\/\" \/>\n<meta property=\"og:locale\" content=\"es_ES\" \/>\n<meta property=\"og:type\" content=\"article\" \/>\n<meta property=\"og:title\" content=\"Alba Rosique - Psicoterapia Vic - Psicolog\u00eda Cl\u00ednica Vic (Barcelona)\" \/>\n<meta property=\"og:description\" content=\"Alba Rosique - Psicoterapia Vic - Psicolog\u00eda Cl\u00ednica Vic (Barcelona). Psicoterapeuta especialista en psicolog\u00eda perinatal y psicolog\u00eda cl\u00ednica en Vic (Barcelona).\" \/>\n<meta property=\"og:url\" content=\"https:\/\/www.albarosique.com\/es\/alba-rosique-psicoterapia-vic-psicologia-clinica-vic-osona\/\" \/>\n<meta property=\"og:site_name\" content=\"Alba Rosique\" \/>\n<meta property=\"article:modified_time\" content=\"2021-10-25T09:29:27+00:00\" \/>\n<meta name=\"twitter:card\" content=\"summary_large_image\" \/>\n<meta name=\"twitter:label1\" content=\"Tiempo de lectura\" \/>\n\t<meta name=\"twitter:data1\" content=\"1 minuto\" \/>\n<script type=\"application\/ld+json\" class=\"yoast-schema-graph\">{\"@context\":\"https:\/\/schema.org\",\"@graph\":[{\"@type\":\"WebSite\",\"@id\":\"https:\/\/www.albarosique.com\/#website\",\"url\":\"https:\/\/www.albarosique.com\/\",\"name\":\"Alba Rosique\",\"description\":\"Psic\\u00f2loga cl\\u00ednica - Terapeuta familiar\",\"potentialAction\":[{\"@type\":\"SearchAction\",\"target\":{\"@type\":\"EntryPoint\",\"urlTemplate\":\"https:\/\/www.albarosique.com\/?s={search_term_string}\"},\"query-input\":\"required name=search_term_string\"}],\"inLanguage\":\"es\"},{\"@type\":\"WebPage\",\"@id\":\"https:\/\/www.albarosique.com\/es\/alba-rosique-psicoterapia-vic-psicologia-clinica-vic-osona\/#webpage\",\"url\":\"https:\/\/www.albarosique.com\/es\/alba-rosique-psicoterapia-vic-psicologia-clinica-vic-osona\/\",\"name\":\"Alba Rosique - Psicoterapia Vic - Psicolog\\u00eda Cl\\u00ednica Vic (Barcelona)\",\"isPartOf\":{\"@id\":\"https:\/\/www.albarosique.com\/#website\"},\"datePublished\":\"2018-05-17T16:30:43+00:00\",\"dateModified\":\"2021-10-25T09:29:27+00:00\",\"description\":\"Alba Rosique - Psicoterapia Vic - Psicolog\\u00eda Cl\\u00ednica Vic (Barcelona). Psicoterapeuta especialista en psicolog\\u00eda perinatal y psicolog\\u00eda cl\\u00ednica en Vic (Barcelona).\",\"breadcrumb\":{\"@id\":\"https:\/\/www.albarosique.com\/es\/alba-rosique-psicoterapia-vic-psicologia-clinica-vic-osona\/#breadcrumb\"},\"inLanguage\":\"es\",\"potentialAction\":[{\"@type\":\"ReadAction\",\"target\":[\"https:\/\/www.albarosique.com\/es\/alba-rosique-psicoterapia-vic-psicologia-clinica-vic-osona\/\"]}]},{\"@type\":\"BreadcrumbList\",\"@id\":\"https:\/\/www.albarosique.com\/es\/alba-rosique-psicoterapia-vic-psicologia-clinica-vic-osona\/#breadcrumb\",\"itemListElement\":[{\"@type\":\"ListItem\",\"position\":1,\"name\":\"Inici\",\"item\":\"https:\/\/www.albarosique.com\/es\/alba-rosique-psicoterapia-vic-psicologia-clinica-vic-osona\/\"},{\"@type\":\"ListItem\",\"position\":2,\"name\":\"Alba Rosique &#8211; Psicoterapia Vic &#8211; Psicolog\\u00eda Cl\\u00ednica Vic (Barcelona)\"}]}]}<\/script>\n<!-- \/ Yoast SEO plugin. -->","yoast_head_json":{"title":"Alba Rosique - Psicoterapia Vic - Psicolog\u00eda Cl\u00ednica Vic (Barcelona)","description":"Alba Rosique - Psicoterapia Vic - Psicolog\u00eda Cl\u00ednica Vic (Barcelona). Psicoterapeuta especialista en psicolog\u00eda perinatal y psicolog\u00eda cl\u00ednica en Vic (Barcelona).","robots":{"index":"index","follow":"follow","max-snippet":"max-snippet:-1","max-image-preview":"max-image-preview:large","max-video-preview":"max-video-preview:-1"},"canonical":"https:\/\/www.albarosique.com\/es\/alba-rosique-psicoterapia-vic-psicologia-clinica-vic-osona\/","og_locale":"es_ES","og_type":"article","og_title":"Alba Rosique - Psicoterapia Vic - Psicolog\u00eda Cl\u00ednica Vic (Barcelona)","og_description":"Alba Rosique - Psicoterapia Vic - Psicolog\u00eda Cl\u00ednica Vic (Barcelona). Psicoterapeuta especialista en psicolog\u00eda perinatal y psicolog\u00eda cl\u00ednica en Vic (Barcelona).","og_url":"https:\/\/www.albarosique.com\/es\/alba-rosique-psicoterapia-vic-psicologia-clinica-vic-osona\/","og_site_name":"Alba Rosique","article_modified_time":"2021-10-25T09:29:27+00:00","twitter_card":"summary_large_image","twitter_misc":{"Tiempo de lectura":"1 minuto"},"schema":{"@context":"https:\/\/schema.org","@graph":[{"@type":"WebSite","@id":"https:\/\/www.albarosique.com\/#website","url":"https:\/\/www.albarosique.com\/","name":"Alba Rosique","description":"Psic\u00f2loga cl\u00ednica - Terapeuta familiar","potentialAction":[{"@type":"SearchAction","target":{"@type":"EntryPoint","urlTemplate":"https:\/\/www.albarosique.com\/?s={search_term_string}"},"query-input":"required name=search_term_string"}],"inLanguage":"es"},{"@type":"WebPage","@id":"https:\/\/www.albarosique.com\/es\/alba-rosique-psicoterapia-vic-psicologia-clinica-vic-osona\/#webpage","url":"https:\/\/www.albarosique.com\/es\/alba-rosique-psicoterapia-vic-psicologia-clinica-vic-osona\/","name":"Alba Rosique - Psicoterapia Vic - Psicolog\u00eda Cl\u00ednica Vic (Barcelona)","isPartOf":{"@id":"https:\/\/www.albarosique.com\/#website"},"datePublished":"2018-05-17T16:30:43+00:00","dateModified":"2021-10-25T09:29:27+00:00","description":"Alba Rosique - Psicoterapia Vic - Psicolog\u00eda Cl\u00ednica Vic (Barcelona). Psicoterapeuta especialista en psicolog\u00eda perinatal y psicolog\u00eda cl\u00ednica en Vic (Barcelona).","breadcrumb":{"@id":"https:\/\/www.albarosique.com\/es\/alba-rosique-psicoterapia-vic-psicologia-clinica-vic-osona\/#breadcrumb"},"inLanguage":"es","potentialAction":[{"@type":"ReadAction","target":["https:\/\/www.albarosique.com\/es\/alba-rosique-psicoterapia-vic-psicologia-clinica-vic-osona\/"]}]},{"@type":"BreadcrumbList","@id":"https:\/\/www.albarosique.com\/es\/alba-rosique-psicoterapia-vic-psicologia-clinica-vic-osona\/#breadcrumb","itemListElement":[{"@type":"ListItem","position":1,"name":"Inici","item":"https:\/\/www.albarosique.com\/es\/alba-rosique-psicoterapia-vic-psicologia-clinica-vic-osona\/"},{"@type":"ListItem","position":2,"name":"Alba Rosique &#8211; Psicoterapia Vic &#8211; Psicolog\u00eda Cl\u00ednica Vic (Barcelona)"}]}]}},"_links":{"self":[{"href":"https:\/\/www.albarosique.com\/es\/wp-json\/wp\/v2\/pages\/182"}],"collection":[{"href":"https:\/\/www.albarosique.com\/es\/wp-json\/wp\/v2\/pages"}],"about":[{"href":"https:\/\/www.albarosique.com\/es\/wp-json\/wp\/v2\/types\/page"}],"author":[{"embeddable":true,"href":"https:\/\/www.albarosique.com\/es\/wp-json\/wp\/v2\/users\/1"}],"replies":[{"embeddable":true,"href":"https:\/\/www.albarosique.com\/es\/wp-json\/wp\/v2\/comments?post=182"}],"version-history":[{"count":31,"href":"https:\/\/www.albarosique.com\/es\/wp-json\/wp\/v2\/pages\/182\/revisions"}],"predecessor-version":[{"id":732,"href":"https:\/\/www.albarosique.com\/es\/wp-json\/wp\/v2\/pages\/182\/revisions\/732"}],"wp:attachment":[{"href":"https:\/\/www.albarosique.com\/es\/wp-json\/wp\/v2\/media?parent=182"}],"curies":[{"name":"wp","href":"https:\/\/api.w.org\/{rel}","templated":true}]}}