{"id":297,"date":"2018-05-24T16:51:56","date_gmt":"2018-05-24T14:51:56","guid":{"rendered":"https:\/\/www.albarosique.com\/contacte-alba-rosique\/"},"modified":"2018-10-17T12:20:25","modified_gmt":"2018-10-17T10:20:25","slug":"contacte-alba-rosique","status":"publish","type":"page","link":"https:\/\/www.albarosique.com\/es\/contacte-alba-rosique\/","title":{"rendered":"Contacto &#8211; Alba Rosique"},"content":{"rendered":"<p>[vc_row][vc_column width=\u00bb1\/3&#8243;][vc_empty_space height=\u00bb20px\u00bb][vc_column_text]<\/p>\n<h2>Alba<br \/>\nRosique<\/h2>\n<p>[\/vc_column_text][\/vc_column][vc_column width=\u00bb1\/3&#8243;][vc_single_image image=\u00bb25&#8243; img_size=\u00bbfull\u00bb alignment=\u00bbcenter\u00bb onclick=\u00bbcustom_link\u00bb link=\u00bbhttps:\/\/www.albarosique.com\/es\/\u00bb][\/vc_column][vc_column width=\u00bb1\/3&#8243;][vc_empty_space height=\u00bb20px\u00bb][vc_column_text]<\/p>\n<h2 class=\"p1\" style=\"text-align: right;\">Psic\u00f3loga cl\u00ednica<br \/>\nTerapeuta familiar<\/h2>\n<p>[\/vc_column_text][\/vc_column][\/vc_row][vc_row][vc_column][vc_empty_space height=\u00bb10px\u00bb][vc_separator color=\u00bbcustom\u00bb accent_color=\u00bb#4e4d4c\u00bb][vc_empty_space height=\u00bb150px\u00bb][\/vc_column][\/vc_row][vc_row][vc_column width=\u00bb1\/3&#8243;][vc_column_text]<\/p>\n<p class=\"p1\">Contacto<\/p>\n<p>[\/vc_column_text][\/vc_column][vc_column width=\u00bb2\/3&#8243; css=\u00bb.vc_custom_1529319119721{margin-left: 15px !important;}\u00bb][vc_column_text]<\/p>\n<h1 class=\"p1\">Si crees que puedo ayudarte o deseas tener m\u00e1s informaci\u00f3n sobre mis servicios, por favor, rellena el siguiente formulario.<\/h1>\n<p>&nbsp;<\/p>\n<h1 class=\"p1\">Me pondr\u00e9 en contacto contigo tan pronto como me sea posible.<\/h1>\n<p>[\/vc_column_text][\/vc_column][\/vc_row][vc_row][vc_column][vc_empty_space height=\u00bb50px\u00bb][\/vc_column][\/vc_row][vc_row][vc_column width=\u00bb1\/3&#8243;][\/vc_column][vc_column width=\u00bb2\/3&#8243;]<div role=\"form\" class=\"wpcf7\" id=\"wpcf7-f344-o1\" lang=\"ca\" dir=\"ltr\">\n<div class=\"screen-reader-response\"><p role=\"status\" aria-live=\"polite\" aria-atomic=\"true\"><\/p> <ul><\/ul><\/div>\n<form action=\"\/es\/wp-json\/wp\/v2\/pages\/297#wpcf7-f344-o1\" method=\"post\" class=\"wpcf7-form init\" novalidate=\"novalidate\" data-status=\"init\">\n<div style=\"display: none;\">\n<input type=\"hidden\" name=\"_wpcf7\" value=\"344\" \/>\n<input type=\"hidden\" name=\"_wpcf7_version\" value=\"5.3.2\" \/>\n<input type=\"hidden\" name=\"_wpcf7_locale\" value=\"ca\" \/>\n<input type=\"hidden\" name=\"_wpcf7_unit_tag\" value=\"wpcf7-f344-o1\" \/>\n<input type=\"hidden\" name=\"_wpcf7_container_post\" value=\"0\" \/>\n<input type=\"hidden\" name=\"_wpcf7_posted_data_hash\" value=\"\" \/>\n<\/div>\n<p><label><span class=\"wpcf7-form-control-wrap your-name\"><input type=\"text\" name=\"your-name\" value=\"\" size=\"40\" class=\"wpcf7-form-control wpcf7-text wpcf7-validates-as-required\" aria-required=\"true\" aria-invalid=\"false\" placeholder=\"Nombre y Apellidos *\" \/><\/span> <\/label><\/p>\n<p><label><span class=\"wpcf7-form-control-wrap your-email\"><input type=\"email\" name=\"your-email\" value=\"\" size=\"40\" class=\"wpcf7-form-control wpcf7-text wpcf7-email wpcf7-validates-as-required wpcf7-validates-as-email\" aria-required=\"true\" aria-invalid=\"false\" placeholder=\"Correo electr\u00f3nico *\" \/><\/span> <\/label><\/p>\n<p><label><span class=\"wpcf7-form-control-wrap text-904\"><input type=\"text\" name=\"text-904\" value=\"\" size=\"40\" class=\"wpcf7-form-control wpcf7-text\" aria-invalid=\"false\" placeholder=\"Tel\u00e9fono\" \/><\/span><\/label><\/p>\n<p><label><span class=\"wpcf7-form-control-wrap your-message\"><textarea name=\"your-message\" cols=\"1\" rows=\"3\" class=\"wpcf7-form-control wpcf7-textarea wpcf7-validates-as-required\" aria-required=\"true\" aria-invalid=\"false\" placeholder=\"Mensaje *\"><\/textarea><\/span> <\/label><\/p>\n<p><input type=\"submit\" value=\"Envia\" class=\"wpcf7-form-control wpcf7-submit\" \/><\/p>\n<div class=\"wpcf7-response-output\" aria-hidden=\"true\"><\/div><\/form><\/div>[\/vc_column][\/vc_row][vc_row][vc_column][vc_empty_space height=\u00bb100px\u00bb][vc_separator color=\u00bbcustom\u00bb accent_color=\u00bb#4e4d4c\u00bb][vc_empty_space height=\u00bb100px\u00bb][\/vc_column][\/vc_row][vc_row][vc_column width=\u00bb1\/2&#8243;][vc_column_text]Puedes encontrarme en<\/p>\n<p class=\"p1\"><span class=\"s1\"><span style=\"text-decoration: underline;\">Mer\u00e0kia (Vic)<\/span><br \/>\n<\/span><span class=\"s1\">Carrer Pare Galliss\u00e0 13<br \/>\n<\/span><span class=\"s1\">Puedes pedir hora al 689 062 121 <\/span><\/p>\n<p class=\"p1\"><span class=\"s1\"><span style=\"text-decoration: underline;\">Fisio-Taradell (Taradell)<\/span><br \/>\nCarrer Ramon Pou 38<br \/>\n<\/span><span class=\"s1\">Puedes pedir hora al 689 062 121<\/span><\/p>\n<p>[\/vc_column_text][\/vc_column][vc_column width=\u00bb1\/2&#8243;][vc_column_text]<\/p>\n<h1 class=\"p1\">Si lo prefieres, tambi\u00e9n puedes contactarme por tel\u00e9fono.<\/h1>\n<p>&nbsp;<\/p>\n<h1 class=\"p1\">Ll\u00e1mame al 689 062 121.<\/h1>\n<p>[\/vc_column_text][vc_column_text]<\/p>\n<h1 class=\"p1\">O puedes conocer el d\u00eda a d\u00eda que comparto a trav\u00e9s de las redes sociales. Me encontrar\u00e1s tanto en <a href=\"https:\/\/es-es.facebook.com\/albarosique.psicologa\/\" target=\"_blank\" rel=\"noopener\">Facebook<\/a> como en <a href=\"https:\/\/www.instagram.com\/albarosique\/\" target=\"_blank\" rel=\"noopener\">Instagram<\/a>.<\/h1>\n<p>[\/vc_column_text][\/vc_column][\/vc_row]<\/p>\n","protected":false},"excerpt":{"rendered":"<p>[vc_row][vc_column width=\u00bb1\/3&#8243;][vc_empty_space height=\u00bb20px\u00bb][vc_column_text] Alba Rosique [\/vc_column_text][\/vc_column][vc_column width=\u00bb1\/3&#8243;][vc_single_image image=\u00bb25&#8243; img_size=\u00bbfull\u00bb alignment=\u00bbcenter\u00bb onclick=\u00bbcustom_link\u00bb link=\u00bbhttps:\/\/www.albarosique.com\/es\/\u00bb][\/vc_column][vc_column width=\u00bb1\/3&#8243;][vc_empty_space height=\u00bb20px\u00bb][vc_column_text] Psic\u00f3loga cl\u00ednica Terapeuta familiar [\/vc_column_text][\/vc_column][\/vc_row][vc_row][vc_column][vc_empty_space height=\u00bb10px\u00bb][vc_separator color=\u00bbcustom\u00bb accent_color=\u00bb#4e4d4c\u00bb][vc_empty_space height=\u00bb150px\u00bb][\/vc_column][\/vc_row][vc_row][vc_column width=\u00bb1\/3&#8243;][vc_column_text] Contacto [\/vc_column_text][\/vc_column][vc_column width=\u00bb2\/3&#8243; css=\u00bb.vc_custom_1529319119721{margin-left: 15px !important;}\u00bb][vc_column_text] Si crees que puedo ayudarte o deseas tener m\u00e1s informaci\u00f3n sobre mis servicios, por favor, rellena el siguiente formulario. &nbsp; Me pondr\u00e9 en contacto contigo&hellip;<\/p>\n","protected":false},"author":1,"featured_media":0,"parent":0,"menu_order":0,"comment_status":"closed","ping_status":"open","template":"","meta":[],"yoast_head":"<!-- This site is optimized with the Yoast SEO plugin v17.4 - https:\/\/yoast.com\/wordpress\/plugins\/seo\/ -->\n<title>Contacto - Alba Rosique - Psicolog\u00eda Cl\u00ednica Vic (Barcelona)<\/title>\n<meta name=\"description\" content=\"Alba Rosique - Psicoterapia Vic - Psicolog\u00eda Cl\u00ednica Vic (Barcelona). Psicoterapeuta especialista en psicolog\u00eda perinatal y psicolog\u00eda cl\u00ednica en Vic (Barcelona).\" \/>\n<meta name=\"robots\" content=\"index, follow, max-snippet:-1, max-image-preview:large, max-video-preview:-1\" \/>\n<link rel=\"canonical\" href=\"https:\/\/www.albarosique.com\/es\/contacte-alba-rosique\/\" \/>\n<meta property=\"og:locale\" content=\"es_ES\" \/>\n<meta property=\"og:type\" content=\"article\" \/>\n<meta property=\"og:title\" content=\"Contacto - Alba Rosique - Psicolog\u00eda Cl\u00ednica Vic (Barcelona)\" \/>\n<meta property=\"og:description\" content=\"Alba Rosique - Psicoterapia Vic - Psicolog\u00eda Cl\u00ednica Vic (Barcelona). Psicoterapeuta especialista en psicolog\u00eda perinatal y psicolog\u00eda cl\u00ednica en Vic (Barcelona).\" \/>\n<meta property=\"og:url\" content=\"https:\/\/www.albarosique.com\/es\/contacte-alba-rosique\/\" \/>\n<meta property=\"og:site_name\" content=\"Alba Rosique\" \/>\n<meta property=\"article:modified_time\" content=\"2018-10-17T10:20:25+00:00\" \/>\n<meta name=\"twitter:card\" content=\"summary_large_image\" \/>\n<meta name=\"twitter:label1\" content=\"Tiempo de lectura\" \/>\n\t<meta name=\"twitter:data1\" content=\"2 minutos\" \/>\n<script type=\"application\/ld+json\" class=\"yoast-schema-graph\">{\"@context\":\"https:\/\/schema.org\",\"@graph\":[{\"@type\":\"WebSite\",\"@id\":\"https:\/\/www.albarosique.com\/#website\",\"url\":\"https:\/\/www.albarosique.com\/\",\"name\":\"Alba Rosique\",\"description\":\"Psic\\u00f2loga cl\\u00ednica - Terapeuta familiar\",\"potentialAction\":[{\"@type\":\"SearchAction\",\"target\":{\"@type\":\"EntryPoint\",\"urlTemplate\":\"https:\/\/www.albarosique.com\/?s={search_term_string}\"},\"query-input\":\"required name=search_term_string\"}],\"inLanguage\":\"es\"},{\"@type\":\"WebPage\",\"@id\":\"https:\/\/www.albarosique.com\/es\/contacte-alba-rosique\/#webpage\",\"url\":\"https:\/\/www.albarosique.com\/es\/contacte-alba-rosique\/\",\"name\":\"Contacto - Alba Rosique - Psicolog\\u00eda Cl\\u00ednica Vic (Barcelona)\",\"isPartOf\":{\"@id\":\"https:\/\/www.albarosique.com\/#website\"},\"datePublished\":\"2018-05-24T14:51:56+00:00\",\"dateModified\":\"2018-10-17T10:20:25+00:00\",\"description\":\"Alba Rosique - Psicoterapia Vic - Psicolog\\u00eda Cl\\u00ednica Vic (Barcelona). Psicoterapeuta especialista en psicolog\\u00eda perinatal y psicolog\\u00eda cl\\u00ednica en Vic (Barcelona).\",\"breadcrumb\":{\"@id\":\"https:\/\/www.albarosique.com\/es\/contacte-alba-rosique\/#breadcrumb\"},\"inLanguage\":\"es\",\"potentialAction\":[{\"@type\":\"ReadAction\",\"target\":[\"https:\/\/www.albarosique.com\/es\/contacte-alba-rosique\/\"]}]},{\"@type\":\"BreadcrumbList\",\"@id\":\"https:\/\/www.albarosique.com\/es\/contacte-alba-rosique\/#breadcrumb\",\"itemListElement\":[{\"@type\":\"ListItem\",\"position\":1,\"name\":\"Inici\",\"item\":\"https:\/\/www.albarosique.com\/es\/alba-rosique-psicoterapia-vic-psicologia-clinica-vic-osona\/\"},{\"@type\":\"ListItem\",\"position\":2,\"name\":\"Contacto &#8211; Alba Rosique\"}]}]}<\/script>\n<!-- \/ Yoast SEO plugin. -->","yoast_head_json":{"title":"Contacto - Alba Rosique - Psicolog\u00eda Cl\u00ednica Vic (Barcelona)","description":"Alba Rosique - Psicoterapia Vic - Psicolog\u00eda Cl\u00ednica Vic (Barcelona). Psicoterapeuta especialista en psicolog\u00eda perinatal y psicolog\u00eda cl\u00ednica en Vic (Barcelona).","robots":{"index":"index","follow":"follow","max-snippet":"max-snippet:-1","max-image-preview":"max-image-preview:large","max-video-preview":"max-video-preview:-1"},"canonical":"https:\/\/www.albarosique.com\/es\/contacte-alba-rosique\/","og_locale":"es_ES","og_type":"article","og_title":"Contacto - Alba Rosique - Psicolog\u00eda Cl\u00ednica Vic (Barcelona)","og_description":"Alba Rosique - Psicoterapia Vic - Psicolog\u00eda Cl\u00ednica Vic (Barcelona). Psicoterapeuta especialista en psicolog\u00eda perinatal y psicolog\u00eda cl\u00ednica en Vic (Barcelona).","og_url":"https:\/\/www.albarosique.com\/es\/contacte-alba-rosique\/","og_site_name":"Alba Rosique","article_modified_time":"2018-10-17T10:20:25+00:00","twitter_card":"summary_large_image","twitter_misc":{"Tiempo de lectura":"2 minutos"},"schema":{"@context":"https:\/\/schema.org","@graph":[{"@type":"WebSite","@id":"https:\/\/www.albarosique.com\/#website","url":"https:\/\/www.albarosique.com\/","name":"Alba Rosique","description":"Psic\u00f2loga cl\u00ednica - Terapeuta familiar","potentialAction":[{"@type":"SearchAction","target":{"@type":"EntryPoint","urlTemplate":"https:\/\/www.albarosique.com\/?s={search_term_string}"},"query-input":"required name=search_term_string"}],"inLanguage":"es"},{"@type":"WebPage","@id":"https:\/\/www.albarosique.com\/es\/contacte-alba-rosique\/#webpage","url":"https:\/\/www.albarosique.com\/es\/contacte-alba-rosique\/","name":"Contacto - Alba Rosique - Psicolog\u00eda Cl\u00ednica Vic (Barcelona)","isPartOf":{"@id":"https:\/\/www.albarosique.com\/#website"},"datePublished":"2018-05-24T14:51:56+00:00","dateModified":"2018-10-17T10:20:25+00:00","description":"Alba Rosique - Psicoterapia Vic - Psicolog\u00eda Cl\u00ednica Vic (Barcelona). Psicoterapeuta especialista en psicolog\u00eda perinatal y psicolog\u00eda cl\u00ednica en Vic (Barcelona).","breadcrumb":{"@id":"https:\/\/www.albarosique.com\/es\/contacte-alba-rosique\/#breadcrumb"},"inLanguage":"es","potentialAction":[{"@type":"ReadAction","target":["https:\/\/www.albarosique.com\/es\/contacte-alba-rosique\/"]}]},{"@type":"BreadcrumbList","@id":"https:\/\/www.albarosique.com\/es\/contacte-alba-rosique\/#breadcrumb","itemListElement":[{"@type":"ListItem","position":1,"name":"Inici","item":"https:\/\/www.albarosique.com\/es\/alba-rosique-psicoterapia-vic-psicologia-clinica-vic-osona\/"},{"@type":"ListItem","position":2,"name":"Contacto &#8211; Alba Rosique"}]}]}},"_links":{"self":[{"href":"https:\/\/www.albarosique.com\/es\/wp-json\/wp\/v2\/pages\/297"}],"collection":[{"href":"https:\/\/www.albarosique.com\/es\/wp-json\/wp\/v2\/pages"}],"about":[{"href":"https:\/\/www.albarosique.com\/es\/wp-json\/wp\/v2\/types\/page"}],"author":[{"embeddable":true,"href":"https:\/\/www.albarosique.com\/es\/wp-json\/wp\/v2\/users\/1"}],"replies":[{"embeddable":true,"href":"https:\/\/www.albarosique.com\/es\/wp-json\/wp\/v2\/comments?post=297"}],"version-history":[{"count":15,"href":"https:\/\/www.albarosique.com\/es\/wp-json\/wp\/v2\/pages\/297\/revisions"}],"predecessor-version":[{"id":496,"href":"https:\/\/www.albarosique.com\/es\/wp-json\/wp\/v2\/pages\/297\/revisions\/496"}],"wp:attachment":[{"href":"https:\/\/www.albarosique.com\/es\/wp-json\/wp\/v2\/media?parent=297"}],"curies":[{"name":"wp","href":"https:\/\/api.w.org\/{rel}","templated":true}]}}